{"id":2338,"date":"2025-07-14T10:41:41","date_gmt":"2025-07-14T10:41:41","guid":{"rendered":"https:\/\/feeldouro.com\/?page_id=2338"},"modified":"2025-07-16T00:03:24","modified_gmt":"2025-07-16T00:03:24","slug":"declaracao-de-acessibilidade","status":"publish","type":"page","link":"https:\/\/feeldouro.com\/en\/declaracao-de-acessibilidade\/","title":{"rendered":"Declara\u00e7\u00e3o de Acessibilidade"},"content":{"rendered":"\t\t<div data-elementor-type=\"wp-page\" data-elementor-id=\"2338\" class=\"elementor elementor-2338\" data-elementor-post-type=\"page\">\n\t\t\t\t<div class=\"elementor-element elementor-element-333a089 e-con-full e-flex e-con e-parent\" data-id=\"333a089\" data-element_type=\"container\" data-e-type=\"container\" data-settings=\"{&quot;background_background&quot;:&quot;classic&quot;}\">\n\t\t\t\t<div class=\"elementor-element elementor-element-3d1959f elementor--h-position-center elementor--v-position-middle elementor-widget elementor-widget-slides\" data-id=\"3d1959f\" data-element_type=\"widget\" data-e-type=\"widget\" data-settings=\"{&quot;navigation&quot;:&quot;none&quot;,&quot;autoplay&quot;:&quot;yes&quot;,&quot;pause_on_hover&quot;:&quot;yes&quot;,&quot;pause_on_interaction&quot;:&quot;yes&quot;,&quot;autoplay_speed&quot;:5000,&quot;infinite&quot;:&quot;yes&quot;,&quot;transition&quot;:&quot;slide&quot;,&quot;transition_speed&quot;:500}\" data-widget_type=\"slides.default\">\n\t\t\t\t<div class=\"elementor-widget-container\">\n\t\t\t\t\t\t\t\t\t<div class=\"elementor-swiper\">\n\t\t\t\t\t<div class=\"elementor-slides-wrapper elementor-main-swiper swiper\" role=\"region\" aria-roledescription=\"carousel\" aria-label=\"Slides\" dir=\"ltr\" data-animation=\"fadeInUp\">\n\t\t\t\t<div class=\"swiper-wrapper elementor-slides\">\n\t\t\t\t\t\t\t\t\t\t<div class=\"elementor-repeater-item-d79faa4 swiper-slide\" role=\"group\" aria-roledescription=\"slide\"><div class=\"swiper-slide-bg\" role=\"img\" aria-label=\"2J1A7385\"><\/div><a class=\"swiper-slide-inner\" href=\"https:\/\/bbdouro.com\/we-are-bbdouro\/\"><div class=\"swiper-slide-contents\"><\/div><\/a><\/div>\t\t\t\t<\/div>\n\t\t\t\t\t\t\t<\/div>\n\t\t\t\t<\/div>\n\t\t\t\t\t\t\t\t<\/div>\n\t\t\t\t<\/div>\n\t\t\t\t<\/div>\n\t\t<div class=\"elementor-element elementor-element-2deba5f e-flex e-con-boxed e-con e-parent\" data-id=\"2deba5f\" data-element_type=\"container\" data-e-type=\"container\" data-settings=\"{&quot;background_background&quot;:&quot;classic&quot;}\">\n\t\t\t\t\t<div class=\"e-con-inner\">\n\t\t\t\t<div class=\"elementor-element elementor-element-d9d2d13 elementor-align-left elementor-widget elementor-widget-breadcrumbs\" data-id=\"d9d2d13\" data-element_type=\"widget\" data-e-type=\"widget\" data-widget_type=\"breadcrumbs.default\">\n\t\t\t\t<div class=\"elementor-widget-container\">\n\t\t\t\t\t<p id=\"breadcrumbs\"><span><span><a href=\"https:\/\/feeldouro.com\/\">In\u00edcio<\/a><\/span><\/span><\/p>\t\t\t\t<\/div>\n\t\t\t\t<\/div>\n\t\t\t\t\t<\/div>\n\t\t\t\t<\/div>\n\t\t<div class=\"elementor-element elementor-element-ef7ea5c e-flex e-con-boxed e-con e-parent\" data-id=\"ef7ea5c\" data-element_type=\"container\" data-e-type=\"container\" data-settings=\"{&quot;background_background&quot;:&quot;classic&quot;}\">\n\t\t\t\t\t<div class=\"e-con-inner\">\n\t\t<div class=\"elementor-element elementor-element-9920000 e-con-full e-flex e-con e-child\" data-id=\"9920000\" data-element_type=\"container\" data-e-type=\"container\">\n\t\t\t\t<div class=\"elementor-element elementor-element-7c253d1 elementor-widget elementor-widget-heading\" data-id=\"7c253d1\" data-element_type=\"widget\" data-e-type=\"widget\" data-widget_type=\"heading.default\">\n\t\t\t\t<div class=\"elementor-widget-container\">\n\t\t\t\t\t<h2 class=\"elementor-heading-title elementor-size-default\">Declara\u00e7\u00e3o de Acessibilidade<\/h2>\t\t\t\t<\/div>\n\t\t\t\t<\/div>\n\t\t\t\t<div class=\"elementor-element elementor-element-767d3c5 elementor-widget elementor-widget-text-editor\" data-id=\"767d3c5\" data-element_type=\"widget\" data-e-type=\"widget\" data-widget_type=\"text-editor.default\">\n\t\t\t\t<div class=\"elementor-widget-container\">\n\t\t\t\t\t\t\t\t\t<div id=\"1262340248\" class=\"dmNewParagraph\" data-element-type=\"paragraph\" data-version=\"5\"><p>Data de Atualiza\u00e7\u00e3o: 14 de julho de 2025<\/p><\/div>\t\t\t\t\t\t\t\t<\/div>\n\t\t\t\t<\/div>\n\t\t\t\t<div class=\"elementor-element elementor-element-13ca610 elementor-widget elementor-widget-text-editor\" data-id=\"13ca610\" data-element_type=\"widget\" data-e-type=\"widget\" data-widget_type=\"text-editor.default\">\n\t\t\t\t<div class=\"elementor-widget-container\">\n\t\t\t\t\t\t\t\t\t<div id=\"1262340248\" class=\"dmNewParagraph\" data-element-type=\"paragraph\" data-version=\"5\"><p><strong>Geral<\/strong><\/p><p>FeelDouro esfor\u00e7a-se por garantir que os seus servi\u00e7os sejam acess\u00edveis a pessoas com defici\u00eancia. FeelDouro investiu uma quantidade significativa de recursos para ajudar a garantir que seu site seja mais f\u00e1cil de usar e mais acess\u00edvel para pessoas com defici\u00eancia, com a forte convic\u00e7\u00e3o de que toda pessoa tem o direito de viver com dignidade, igualdade, conforto e independ\u00eancia.<\/p><p><br \/><strong>Acessibilidade em www.feeldouro.com<\/strong><\/p><p>A FeelDouro disponibiliza o widget de acessibilidade do site UserWay, alimentado por um servidor de acessibilidade dedicado. O software permite que a FeelDouro melhore a conformidade com as Diretrizes de acessibilidade de conte\u00fado da Web (WCAG 2.1).<\/p><p><br \/><strong>Ativar o menu Acessibilidade<\/strong><\/p><p>O menu de acessibilidade FeelDouro pode ser ativado clicando no \u00edcone do menu de acessibilidade que aparece no canto da p\u00e1gina. Depois de acionar o menu de acessibilidade, aguarde um momento at\u00e9 que o menu de acessibilidade seja carregado na \u00edntegra.<\/p><p><br \/><strong>Aviso Legal<\/strong><\/p><p>A FeelDouro continua os seus esfor\u00e7os para melhorar constantemente a acessibilidade do seu site e servi\u00e7os, acreditando que \u00e9 nossa obriga\u00e7\u00e3o moral coletiva permitir o uso cont\u00ednuo, acess\u00edvel e sem impedimentos, tamb\u00e9m para aqueles com defici\u00eancia.<\/p><p><br \/>Apesar dos nossos esfor\u00e7os para tornar todas as p\u00e1ginas e conte\u00fados deste website totalmente acess\u00edveis, alguns conte\u00fados podem ainda n\u00e3o ter sido totalmente adaptados aos mais rigorosos padr\u00f5es de acessibilidade. Isso pode ser resultado de n\u00e3o ter encontrado ou identificado a solu\u00e7\u00e3o tecnol\u00f3gica mais apropriada.<\/p><p><br \/><strong>Ajuda<\/strong><\/p><p>Se encontrar dificuldades com algum conte\u00fado neste website ou precisar de assist\u00eancia com qualquer parte do nosso website, entre em contacto connosco durante o hor\u00e1rio comercial normal, e teremos o maior prazer em ajud\u00e1-lo.<\/p><p><br \/><strong>Contacte-nos<\/strong><\/p><p>Se deseja relatar um problema de acessibilidade, tem alguma d\u00favida ou precisa de assist\u00eancia, entre em contacto pelo E-mail: info@feeldouro.com<\/p><\/div>\t\t\t\t\t\t\t\t<\/div>\n\t\t\t\t<\/div>\n\t\t\t\t<\/div>\n\t\t\t\t\t<\/div>\n\t\t\t\t<\/div>\n\t\t\t\t<\/div>\n\t\t","protected":false},"excerpt":{"rendered":"<p>Declara\u00e7\u00e3o de Acessibilidade Data de Atualiza\u00e7\u00e3o: 14 de julho de 2025 Geral FeelDouro esfor\u00e7a-se por garantir que os seus servi\u00e7os sejam acess\u00edveis a pessoas com defici\u00eancia. FeelDouro investiu uma quantidade significativa de recursos para ajudar a garantir que seu site seja mais f\u00e1cil de usar e mais acess\u00edvel para pessoas com defici\u00eancia, com a forte [&hellip;]<\/p>\n","protected":false},"author":1,"featured_media":0,"parent":0,"menu_order":0,"comment_status":"closed","ping_status":"closed","template":"","meta":{"footnotes":""},"class_list":["post-2338","page","type-page","status-publish","hentry"],"yoast_head":"<!-- This site is optimized with the Yoast SEO plugin v27.3 - https:\/\/yoast.com\/product\/yoast-seo-wordpress\/ -->\n<title>Declara\u00e7\u00e3o de Acessibilidade - FeelDouro<\/title>\n<meta name=\"robots\" content=\"index, follow, max-snippet:-1, max-image-preview:large, max-video-preview:-1\" \/>\n<link rel=\"canonical\" href=\"https:\/\/feeldouro.com\/declaracao-de-acessibilidade\/\" \/>\n<meta property=\"og:locale\" content=\"en_US\" \/>\n<meta property=\"og:type\" content=\"article\" \/>\n<meta property=\"og:title\" content=\"Declara\u00e7\u00e3o de Acessibilidade - FeelDouro\" \/>\n<meta property=\"og:description\" content=\"Declara\u00e7\u00e3o de Acessibilidade Data de Atualiza\u00e7\u00e3o: 14 de julho de 2025 Geral FeelDouro esfor\u00e7a-se por garantir que os seus servi\u00e7os sejam acess\u00edveis a pessoas com defici\u00eancia. FeelDouro investiu uma quantidade significativa de recursos para ajudar a garantir que seu site seja mais f\u00e1cil de usar e mais acess\u00edvel para pessoas com defici\u00eancia, com a forte [&hellip;]\" \/>\n<meta property=\"og:url\" content=\"https:\/\/feeldouro.com\/declaracao-de-acessibilidade\/\" \/>\n<meta property=\"og:site_name\" content=\"FeelDouro\" \/>\n<meta property=\"article:modified_time\" content=\"2025-07-16T00:03:24+00:00\" \/>\n<meta name=\"twitter:card\" content=\"summary_large_image\" \/>\n<meta name=\"twitter:label1\" content=\"Est. reading time\" \/>\n\t<meta name=\"twitter:data1\" content=\"2 minutes\" \/>\n<script type=\"application\/ld+json\" class=\"yoast-schema-graph\">{\"@context\":\"https:\\\/\\\/schema.org\",\"@graph\":[{\"@type\":\"WebPage\",\"@id\":\"https:\\\/\\\/feeldouro.com\\\/declaracao-de-acessibilidade\\\/\",\"url\":\"https:\\\/\\\/feeldouro.com\\\/declaracao-de-acessibilidade\\\/\",\"name\":\"Declara\u00e7\u00e3o de Acessibilidade - FeelDouro\",\"isPartOf\":{\"@id\":\"https:\\\/\\\/feeldouro.com\\\/#website\"},\"datePublished\":\"2025-07-14T10:41:41+00:00\",\"dateModified\":\"2025-07-16T00:03:24+00:00\",\"breadcrumb\":{\"@id\":\"https:\\\/\\\/feeldouro.com\\\/declaracao-de-acessibilidade\\\/#breadcrumb\"},\"inLanguage\":\"en-US\",\"potentialAction\":[{\"@type\":\"ReadAction\",\"target\":[\"https:\\\/\\\/feeldouro.com\\\/declaracao-de-acessibilidade\\\/\"]}]},{\"@type\":\"BreadcrumbList\",\"@id\":\"https:\\\/\\\/feeldouro.com\\\/declaracao-de-acessibilidade\\\/#breadcrumb\",\"itemListElement\":[{\"@type\":\"ListItem\",\"position\":1,\"name\":\"In\u00edcio\",\"item\":\"https:\\\/\\\/feeldouro.com\\\/\"},{\"@type\":\"ListItem\",\"position\":2,\"name\":\"Declara\u00e7\u00e3o de Acessibilidade\"}]},{\"@type\":\"WebSite\",\"@id\":\"https:\\\/\\\/feeldouro.com\\\/#website\",\"url\":\"https:\\\/\\\/feeldouro.com\\\/\",\"name\":\"FeelDouro\",\"description\":\"\",\"publisher\":{\"@id\":\"https:\\\/\\\/feeldouro.com\\\/#organization\"},\"potentialAction\":[{\"@type\":\"SearchAction\",\"target\":{\"@type\":\"EntryPoint\",\"urlTemplate\":\"https:\\\/\\\/feeldouro.com\\\/?s={search_term_string}\"},\"query-input\":{\"@type\":\"PropertyValueSpecification\",\"valueRequired\":true,\"valueName\":\"search_term_string\"}}],\"inLanguage\":\"en-US\"},{\"@type\":\"Organization\",\"@id\":\"https:\\\/\\\/feeldouro.com\\\/#organization\",\"name\":\"FeelDouro\",\"url\":\"https:\\\/\\\/feeldouro.com\\\/\",\"logo\":{\"@type\":\"ImageObject\",\"inLanguage\":\"en-US\",\"@id\":\"https:\\\/\\\/feeldouro.com\\\/#\\\/schema\\\/logo\\\/image\\\/\",\"url\":\"https:\\\/\\\/feeldouro.com\\\/wp-content\\\/uploads\\\/2025\\\/06\\\/FD_NavyBBDouro-306w.webp\",\"contentUrl\":\"https:\\\/\\\/feeldouro.com\\\/wp-content\\\/uploads\\\/2025\\\/06\\\/FD_NavyBBDouro-306w.webp\",\"width\":310,\"height\":64,\"caption\":\"FeelDouro\"},\"image\":{\"@id\":\"https:\\\/\\\/feeldouro.com\\\/#\\\/schema\\\/logo\\\/image\\\/\"}}]}<\/script>\n<!-- \/ Yoast SEO plugin. -->","yoast_head_json":{"title":"Declara\u00e7\u00e3o de Acessibilidade - FeelDouro","robots":{"index":"index","follow":"follow","max-snippet":"max-snippet:-1","max-image-preview":"max-image-preview:large","max-video-preview":"max-video-preview:-1"},"canonical":"https:\/\/feeldouro.com\/declaracao-de-acessibilidade\/","og_locale":"en_US","og_type":"article","og_title":"Declara\u00e7\u00e3o de Acessibilidade - FeelDouro","og_description":"Declara\u00e7\u00e3o de Acessibilidade Data de Atualiza\u00e7\u00e3o: 14 de julho de 2025 Geral FeelDouro esfor\u00e7a-se por garantir que os seus servi\u00e7os sejam acess\u00edveis a pessoas com defici\u00eancia. FeelDouro investiu uma quantidade significativa de recursos para ajudar a garantir que seu site seja mais f\u00e1cil de usar e mais acess\u00edvel para pessoas com defici\u00eancia, com a forte [&hellip;]","og_url":"https:\/\/feeldouro.com\/declaracao-de-acessibilidade\/","og_site_name":"FeelDouro","article_modified_time":"2025-07-16T00:03:24+00:00","twitter_card":"summary_large_image","twitter_misc":{"Est. reading time":"2 minutes"},"schema":{"@context":"https:\/\/schema.org","@graph":[{"@type":"WebPage","@id":"https:\/\/feeldouro.com\/declaracao-de-acessibilidade\/","url":"https:\/\/feeldouro.com\/declaracao-de-acessibilidade\/","name":"Declara\u00e7\u00e3o de Acessibilidade - FeelDouro","isPartOf":{"@id":"https:\/\/feeldouro.com\/#website"},"datePublished":"2025-07-14T10:41:41+00:00","dateModified":"2025-07-16T00:03:24+00:00","breadcrumb":{"@id":"https:\/\/feeldouro.com\/declaracao-de-acessibilidade\/#breadcrumb"},"inLanguage":"en-US","potentialAction":[{"@type":"ReadAction","target":["https:\/\/feeldouro.com\/declaracao-de-acessibilidade\/"]}]},{"@type":"BreadcrumbList","@id":"https:\/\/feeldouro.com\/declaracao-de-acessibilidade\/#breadcrumb","itemListElement":[{"@type":"ListItem","position":1,"name":"In\u00edcio","item":"https:\/\/feeldouro.com\/"},{"@type":"ListItem","position":2,"name":"Declara\u00e7\u00e3o de Acessibilidade"}]},{"@type":"WebSite","@id":"https:\/\/feeldouro.com\/#website","url":"https:\/\/feeldouro.com\/","name":"FeelDouro","description":"","publisher":{"@id":"https:\/\/feeldouro.com\/#organization"},"potentialAction":[{"@type":"SearchAction","target":{"@type":"EntryPoint","urlTemplate":"https:\/\/feeldouro.com\/?s={search_term_string}"},"query-input":{"@type":"PropertyValueSpecification","valueRequired":true,"valueName":"search_term_string"}}],"inLanguage":"en-US"},{"@type":"Organization","@id":"https:\/\/feeldouro.com\/#organization","name":"FeelDouro","url":"https:\/\/feeldouro.com\/","logo":{"@type":"ImageObject","inLanguage":"en-US","@id":"https:\/\/feeldouro.com\/#\/schema\/logo\/image\/","url":"https:\/\/feeldouro.com\/wp-content\/uploads\/2025\/06\/FD_NavyBBDouro-306w.webp","contentUrl":"https:\/\/feeldouro.com\/wp-content\/uploads\/2025\/06\/FD_NavyBBDouro-306w.webp","width":310,"height":64,"caption":"FeelDouro"},"image":{"@id":"https:\/\/feeldouro.com\/#\/schema\/logo\/image\/"}}]}},"_links":{"self":[{"href":"https:\/\/feeldouro.com\/en\/wp-json\/wp\/v2\/pages\/2338","targetHints":{"allow":["GET"]}}],"collection":[{"href":"https:\/\/feeldouro.com\/en\/wp-json\/wp\/v2\/pages"}],"about":[{"href":"https:\/\/feeldouro.com\/en\/wp-json\/wp\/v2\/types\/page"}],"author":[{"embeddable":true,"href":"https:\/\/feeldouro.com\/en\/wp-json\/wp\/v2\/users\/1"}],"replies":[{"embeddable":true,"href":"https:\/\/feeldouro.com\/en\/wp-json\/wp\/v2\/comments?post=2338"}],"version-history":[{"count":10,"href":"https:\/\/feeldouro.com\/en\/wp-json\/wp\/v2\/pages\/2338\/revisions"}],"predecessor-version":[{"id":2490,"href":"https:\/\/feeldouro.com\/en\/wp-json\/wp\/v2\/pages\/2338\/revisions\/2490"}],"wp:attachment":[{"href":"https:\/\/feeldouro.com\/en\/wp-json\/wp\/v2\/media?parent=2338"}],"curies":[{"name":"wp","href":"https:\/\/api.w.org\/{rel}","templated":true}]}}