{"id":291,"date":"2024-02-12T15:46:10","date_gmt":"2024-02-12T15:46:10","guid":{"rendered":"https:\/\/feeldouro.com\/?page_id=291"},"modified":"2024-04-16T09:39:40","modified_gmt":"2024-04-16T09:39:40","slug":"termos-e-condicoes","status":"publish","type":"page","link":"https:\/\/feeldouro.com\/en\/termos-e-condicoes\/","title":{"rendered":"Termos e Condi\u00e7\u00f5es"},"content":{"rendered":"\t\t<div data-elementor-type=\"wp-page\" data-elementor-id=\"291\" class=\"elementor elementor-291\" data-elementor-post-type=\"page\">\n\t\t\t\t<div class=\"elementor-element elementor-element-4a9665a e-con-full e-flex e-con e-parent\" data-id=\"4a9665a\" data-element_type=\"container\" data-e-type=\"container\">\n\t\t\t\t<div class=\"elementor-element elementor-element-f025f7e elementor--h-position-center elementor--v-position-middle elementor-widget elementor-widget-slides\" data-id=\"f025f7e\" data-element_type=\"widget\" data-e-type=\"widget\" data-settings=\"{&quot;navigation&quot;:&quot;none&quot;,&quot;autoplay&quot;:&quot;yes&quot;,&quot;pause_on_hover&quot;:&quot;yes&quot;,&quot;pause_on_interaction&quot;:&quot;yes&quot;,&quot;autoplay_speed&quot;:5000,&quot;infinite&quot;:&quot;yes&quot;,&quot;transition&quot;:&quot;slide&quot;,&quot;transition_speed&quot;:500}\" data-widget_type=\"slides.default\">\n\t\t\t\t<div class=\"elementor-widget-container\">\n\t\t\t\t\t\t\t\t\t<div class=\"elementor-swiper\">\n\t\t\t\t\t<div class=\"elementor-slides-wrapper elementor-main-swiper swiper\" role=\"region\" aria-roledescription=\"carousel\" aria-label=\"Slides\" dir=\"ltr\" data-animation=\"fadeInUp\">\n\t\t\t\t<div class=\"swiper-wrapper elementor-slides\">\n\t\t\t\t\t\t\t\t\t\t<div class=\"elementor-repeater-item-d79faa4 swiper-slide\" role=\"group\" aria-roledescription=\"slide\"><div class=\"swiper-slide-bg\" role=\"img\" aria-label=\"2J1A7385\"><\/div><a class=\"swiper-slide-inner\" href=\"https:\/\/bbdouro.com\/we-are-bbdouro\/\"><div class=\"swiper-slide-contents\"><\/div><\/a><\/div>\t\t\t\t<\/div>\n\t\t\t\t\t\t\t<\/div>\n\t\t\t\t<\/div>\n\t\t\t\t\t\t\t\t<\/div>\n\t\t\t\t<\/div>\n\t\t\t\t<\/div>\n\t\t<div class=\"elementor-element elementor-element-2deba5f e-flex e-con-boxed e-con e-parent\" data-id=\"2deba5f\" data-element_type=\"container\" data-e-type=\"container\">\n\t\t\t\t\t<div class=\"e-con-inner\">\n\t\t\t\t<div class=\"elementor-element elementor-element-d9d2d13 elementor-align-left elementor-widget elementor-widget-breadcrumbs\" data-id=\"d9d2d13\" data-element_type=\"widget\" data-e-type=\"widget\" data-widget_type=\"breadcrumbs.default\">\n\t\t\t\t<div class=\"elementor-widget-container\">\n\t\t\t\t\t<p id=\"breadcrumbs\"><span><span><a href=\"https:\/\/feeldouro.com\/\">In\u00edcio<\/a><\/span><\/span><\/p>\t\t\t\t<\/div>\n\t\t\t\t<\/div>\n\t\t\t\t\t<\/div>\n\t\t\t\t<\/div>\n\t\t\t\t<section class=\"elementor-section elementor-top-section elementor-element elementor-element-776b2c56 elementor-section-boxed elementor-section-height-default elementor-section-height-default\" data-id=\"776b2c56\" data-element_type=\"section\" data-e-type=\"section\">\n\t\t\t\t\t\t<div class=\"elementor-container elementor-column-gap-default\">\n\t\t\t\t\t<div class=\"elementor-column elementor-col-100 elementor-top-column elementor-element elementor-element-4c2db3c1\" data-id=\"4c2db3c1\" data-element_type=\"column\" data-e-type=\"column\">\n\t\t\t<div class=\"elementor-widget-wrap elementor-element-populated\">\n\t\t\t\t\t\t<div class=\"elementor-element elementor-element-34ad422 elementor-widget elementor-widget-heading\" data-id=\"34ad422\" data-element_type=\"widget\" data-e-type=\"widget\" data-widget_type=\"heading.default\">\n\t\t\t\t<div class=\"elementor-widget-container\">\n\t\t\t\t\t<h2 class=\"elementor-heading-title elementor-size-default\">Termos e Condi\u00e7\u00f5es<\/h2>\t\t\t\t<\/div>\n\t\t\t\t<\/div>\n\t\t\t\t<div class=\"elementor-element elementor-element-0d65ea9 elementor-widget elementor-widget-text-editor\" data-id=\"0d65ea9\" data-element_type=\"widget\" data-e-type=\"widget\" data-widget_type=\"text-editor.default\">\n\t\t\t\t<div class=\"elementor-widget-container\">\n\t\t\t\t\t\t\t\t\t<p><strong>\u00daltima atualiza\u00e7\u00e3o:<\/strong> 15 de abril de 2024<\/p>\t\t\t\t\t\t\t\t<\/div>\n\t\t\t\t<\/div>\n\t\t\t\t<div class=\"elementor-element elementor-element-2766e8b0 elementor-widget elementor-widget-text-editor\" data-id=\"2766e8b0\" data-element_type=\"widget\" data-e-type=\"widget\" data-widget_type=\"text-editor.default\">\n\t\t\t\t<div class=\"elementor-widget-container\">\n\t\t\t\t\t\t\t\t\t<p>Os presentes Termos e Condi\u00e7\u00f5es regulam o acesso e utiliza\u00e7\u00e3o do website https:\/\/www.invictus-cruises.com (\u201cWebsite\u201d).<\/p><p>O Website \u00e9 propriedade da <strong>Divas Oce\u00e2nicas &#8211; Unipessoal Lda<\/strong>, com sede na R. Dom Marcos da Cruz 2029, 1\u00badto. Nascente<br \/>4455-482 Perafita, com o n\u00famero \u00fanico de matr\u00edcula e pessoa coletiva 517254093 (doravante \u201c<strong>Divas<\/strong>\u201d).<\/p><p>Ao utilizar ou visitar o Website ou alguma das informa\u00e7\u00f5es, ficheiros de dados, texto escrito, gr\u00e1ficos, links, ficheiros \u00e1udio ou outros sons, fotografias, v\u00eddeos ou outras imagens (em conjunto, \u201cConte\u00fados\u201d), recursos e servi\u00e7os (em conjunto, incluindo os Conte\u00fados, os \u201cServi\u00e7os\u201d) atrav\u00e9s dele disponibilizados, est\u00e1, enquanto utilizador ou visitante dos mesmos (\u201cUtilizador\u201d), a aceitar (i) os presentes Termos e Condi\u00e7\u00f5es de Utiliza\u00e7\u00e3o (\u201cTermos e Condi\u00e7\u00f5es\u201d) e a confirmar que leu e compreendeu a (ii) Pol\u00edtica de Privacidade disponibilizada no Website, dispon\u00edvel para consulta em <a href=\"https:\/\/feeldouro.com\/politica-privacidade\/(abre num novo separador)\" data-wplink-url-error=\"true\"><strong>aqui<\/strong><\/a>.\u00a0 O Website consiste num portal de consulta, com a finalidade de divulga\u00e7\u00e3o de produtos ou servi\u00e7os fornecidos pela <strong>Divas<\/strong> e angaria\u00e7\u00e3o de potenciais clientes.<\/p><p>Atrav\u00e9s do Website, a <strong>Divas<\/strong> possibilita ao Utilizador o acesso aos seus Servi\u00e7os, que est\u00e3o sujeitos aos presentes Termos e Condi\u00e7\u00f5es, incluindo atualiza\u00e7\u00f5es, desenvolvimentos e\/ou novos produtos.<\/p><h2>I) Responsabilidade dos utilizadores<\/h2><p>A <strong>Divas<\/strong> reserva-se o direito de alterar estes Termos e Condi\u00e7\u00f5es a qualquer momento, limitando-se a colocar as altera\u00e7\u00f5es online no Website, com a indica\u00e7\u00e3o da data de atualiza\u00e7\u00e3o, sendo da exclusiva responsabilidade do Utilizador a verifica\u00e7\u00e3o e cumprimento dos mesmos aquando de cada utiliza\u00e7\u00e3o. A utiliza\u00e7\u00e3o do Website depois da publica\u00e7\u00e3o das altera\u00e7\u00f5es constitui a aceita\u00e7\u00e3o da reda\u00e7\u00e3o atualizada dos Termos e Condi\u00e7\u00f5es. Caso n\u00e3o esteja de acordo com as altera\u00e7\u00f5es efetuadas ou, de um modo geral, com os Termos e Condi\u00e7\u00f5es, deve deixar, de imediato, de utilizar o Website e os Servi\u00e7os.<\/p><p>Ao aceder, utilizar e descarregar materiais do Website, o Utilizador concorda, em seu nome e\/ou em representa\u00e7\u00e3o da entidade em nome de quem estiver a atuar, cumprir pontualmente com o disposto nos presentes Termos e Condi\u00e7\u00f5es, garantindo ter poderes para atuar em nome do terceiro que representa, se assim se mostrar necess\u00e1rio.<\/p><p>Est\u00e1 expressamente vedado o acesso aos Servi\u00e7os por quaisquer outros meios que n\u00e3o atrav\u00e9s do interface disponibilizado pela <strong>Divas<\/strong>, bem como o acesso (ou tentativa de acesso) ao Website e\/ou aos Servi\u00e7os atrav\u00e9s de meios automatizados (incluindo o uso de scripts ou web crawlers).<\/p><p>Est\u00e1 expressamente proibida a utiliza\u00e7\u00e3o do Website para outros fins que n\u00e3o aqueles a que o Website se destina, incluindo fins ilegais ou quaisquer outros que possam ser considerados prejudiciais para a imagem da <strong>Divas<\/strong>. A usurpa\u00e7\u00e3o, contrafa\u00e7\u00e3o, aproveitamento do conte\u00fado usurpado ou contrafeito, a identifica\u00e7\u00e3o ileg\u00edtima e a concorr\u00eancia desleal acarretam responsabilidade criminal e\/ou contraordenacional.<\/p><p>\u00c9 tamb\u00e9m proibido ao Utilizador criar ou introduzir neste Website quaisquer tipos de v\u00edrus ou programas que o danifiquem ou contaminem ou aconselhar terceiros a faz\u00ea-lo.<\/p><h2>II) Propriedade intelectual e industrial<\/h2><div><p>Toda a informa\u00e7\u00e3o contida no Website e todos os dados e informa\u00e7\u00f5es compilados pela <strong>Divas<\/strong> a ela associados (tais como ficheiros de dados, texto escrito, Software, m\u00fasica, ficheiros \u00e1udio ou outros sons, fotografias, v\u00eddeos ou outras imagens) aos quais tenha acesso como parte dos Servi\u00e7os ou atrav\u00e9s da sua utiliza\u00e7\u00e3o s\u00e3o considerados conte\u00fados da <strong>Divas<\/strong>. N\u00e3o \u00e9 permitido ao Utilizador modificar, locar, comodatar, mutuar, vender, distribuir ou criar uma obra derivada com base nos referidos conte\u00fados (parcial ou totalmente), a menos que tenha sido expressamente autorizado por escrito para o efeito pela <strong>Divas<\/strong>\u00a0ou por terceiro que detenha a respetiva propriedade intelectual e direitos da personalidade.<\/p><p>O Utilizador reconhece e concorda que a <strong>Divas<\/strong> det\u00e9m todos os direitos de propriedade intelectual (quer esses direitos estejam registados ou n\u00e3o e em qualquer parte do mundo onde esses direitos possam existir) relativos aos conte\u00fados do Website e Servi\u00e7os. A <strong>Divas<\/strong>\u00a0det\u00e9m todos os direitos n\u00e3o concedidos expressamente ao Utilizador nos presentes Termos e Condi\u00e7\u00f5es.<\/p><p>O Utilizador concorda ainda em n\u00e3o remover, ocultar nem alterar quaisquer avisos de direitos de propriedade intelectual (incluindo avisos de direitos de autor e de marcas comerciais) que possam estar afixados ou inseridos nos conte\u00fados do Website.<\/p><p><strong>Marcas e Afins<\/strong><\/p><p>A menos que tenha expressamente sido autorizado pela <strong>Divas<\/strong> a faz\u00ea-lo, nada nestes Termos e Condi\u00e7\u00f5es confere ao Utilizador o direito de utilizar qualquer das marcas registadas, marcas comerciais, marcas de servi\u00e7os, log\u00f3tipos, nomes de dom\u00ednios e outras caracter\u00edsticas de marca distintivas da <strong>Divas<\/strong>.<\/p><\/div><h2>III) Limita\u00e7\u00e3o da responsabilidade<\/h2><p>A <strong>Divas<\/strong>\u00a0usar\u00e1 a dilig\u00eancia razo\u00e1vel no sentido de assegurar que toda a informa\u00e7\u00e3o contida no Website \u00e9 exata e se encontra atualizada.<\/p><p>Contudo, o uso e a leitura dos conte\u00fados deste Website s\u00e3o realizados exclusivamente por conta e risco do Utilizador e s\u00e3o disponibilizados \u201ctal como est\u00e3o\u201d e \u201ctal como se encontram dispon\u00edveis\u201d (\u201cas is and as available\u201d). Ao aceder ao Website, o Utilizador reconhece e aceita que o conte\u00fado do mesmo poder\u00e1 estar incompleto, impreciso, n\u00e3o atualizado, ou que poder\u00e1 n\u00e3o satisfazer as suas necessidades e requisitos.<\/p><p>Os Utilizadores s\u00e3o os \u00fanicos e exclusivos respons\u00e1veis pela utiliza\u00e7\u00e3o que fizerem do Website e dos seus conte\u00fados e, bem assim, pela avalia\u00e7\u00e3o da informa\u00e7\u00e3o obtida atrav\u00e9s do Website.<\/p><p>A <strong>Divas<\/strong> adota medidas de seguran\u00e7a adequadas para detetar a exist\u00eancia de v\u00edrus. N\u00e3o obstante, o Utilizador deve estar consciente de que as medidas de seguran\u00e7a dos sistemas inform\u00e1ticos na Internet n\u00e3o s\u00e3o inteiramente fi\u00e1veis e que, portanto, a <strong>Divas<\/strong>\u00a0n\u00e3o pode garantir a inexist\u00eancia de v\u00edrus ou outros elementos que possam produzir altera\u00e7\u00f5es nos sistemas inform\u00e1ticos (software e hardware) do Utilizador ou nos documentos eletr\u00f3nicos e ficheiros contidos nos mesmos.<\/p><p>A <strong>Divas<\/strong>\u00a0n\u00e3o assume qualquer responsabilidade por danos resultantes da impossibilidade de acesso aos servi\u00e7os disponibilizados atrav\u00e9s do Website ou por danos causados por v\u00edrus, interrup\u00e7\u00f5es do servi\u00e7o, cancelamento de conte\u00fados, quest\u00f5es relacionadas com a Internet, ou relacionados com a inexist\u00eancia e\/ou deficiente funcionamento de dispositivos eletr\u00f3nicos do Utilizador.<\/p><p>Caso discorde, parcial ou totalmente, do Website, ou ainda destes Termos e Condi\u00e7\u00f5es, disp\u00f5e apenas da faculdade de deixar de utilizar o Website.<\/p><h2>IV) Hiperliga\u00e7\u00f5es para outros websites<\/h2><p>Para facilitar a acessibilidade do utilizador, a <strong>Divas<\/strong> pode incluir liga\u00e7\u00f5es para websites na internet que sejam detidos ou operados por terceiros. Quando utilizar as liga\u00e7\u00f5es para esses websites de terceiros, o utilizador deve rever e aceitar as regras desse Website antes de o utilizar. O utilizador deve tamb\u00e9m aceitar que a <strong>Divas<\/strong> n\u00e3o controla o conte\u00fado desse website e n\u00e3o pode assumir qualquer responsabilidade pelos materiais criados ou publicados por esses websites de terceiros. Para al\u00e9m disso, a eventual disponibiliza\u00e7\u00e3o de liga\u00e7\u00f5es para um website que n\u00e3o seja da <strong>Divas<\/strong>\u00a0\u00e9 inclu\u00edda apenas para fins exclusivamente informativos e para conveni\u00eancia do Utilizador, n\u00e3o significando que esta apoie o website ou os produtos e servi\u00e7os a\u00ed referenciados.<\/p><h2>V) Pol\u00edtica de privacidade<\/h2><div><p>A Pol\u00edtica de Privacidade encontra-se dispon\u00edvel <a href=\"https:\/\/feeldouro.com\/politica-privacidade\/(abre num novo separador\" data-wplink-url-error=\"true\"><strong>aqui<\/strong><\/a>. O documento cont\u00e9m uma explica\u00e7\u00e3o dos procedimentos adotados pela <strong>Divas<\/strong>, no \u00e2mbito do tratamento de dados pessoais dos seus Utilizadores e da prote\u00e7\u00e3o da sua privacidade, aquando da utiliza\u00e7\u00e3o do Website.<\/p><\/div><h2>VI) Contactos<\/h2><p>Caso o Utilizador tenha alguma d\u00favida sobre os presentes Termos e Condi\u00e7\u00f5es ou qualquer coment\u00e1rio sobre o Website, poder\u00e1 entrar em contacto atrav\u00e9s do seguinte e-mail: info@invictus-cruises.com.<\/p><h2>VII) Disposi\u00e7\u00f5es Diversas<\/h2><div><p>Caso uma ou mais disposi\u00e7\u00f5es dos presentes Termos e Condi\u00e7\u00f5es sejam consideradas inv\u00e1lidas, ou declaradas como tal por aplica\u00e7\u00e3o da lei ou de uma decis\u00e3o definitiva emanada de um tribunal competente, as restantes disposi\u00e7\u00f5es manter-se-\u00e3o v\u00e1lidas e eficazes.<\/p><p>Os presentes Termos e Condi\u00e7\u00f5es, bem como a rela\u00e7\u00e3o do Utilizador com a <strong>Divas<\/strong>\u00a0de acordo com os mesmos, s\u00e3o regidos pela legisla\u00e7\u00e3o portuguesa aplic\u00e1vel.<\/p><p>O Utilizador e a <strong>Divas<\/strong>\u00a0concordam em submeter \u00e0 exclusiva jurisdi\u00e7\u00e3o dos Tribunais Judiciais da Comarca do Porto\u00a0 a resolu\u00e7\u00e3o de qualquer lit\u00edgio relativo \u00e0 interpreta\u00e7\u00e3o e\/ou execu\u00e7\u00e3o dos presentes Termos e Condi\u00e7\u00f5es, sem preju\u00edzo das normas legais imperativas aplic\u00e1veis.<\/p><p>N\u00e3o obstante o referido, a <strong>Divas<\/strong>\u00a0pode vir a aplicar medidas cautelares (ou de tipo equivalente de compensa\u00e7\u00e3o legal urgente) em qualquer jurisdi\u00e7\u00e3o.<\/p><\/div>\t\t\t\t\t\t\t\t<\/div>\n\t\t\t\t<\/div>\n\t\t\t\t\t<\/div>\n\t\t<\/div>\n\t\t\t\t\t<\/div>\n\t\t<\/section>\n\t\t\t\t<\/div>\n\t\t","protected":false},"excerpt":{"rendered":"<p>\u00daltima atualiza\u00e7\u00e3o: 15 de abril de 2024 Os presentes Termos e Condi\u00e7\u00f5es regulam o acesso e utiliza\u00e7\u00e3o do website https:\/\/www.invictus-cruises.com (\u201cWebsite\u201d). O Website \u00e9 propriedade da Divas Oce\u00e2nicas &#8211; Unipessoal Lda, com sede na R. Dom Marcos da Cruz 2029, 1\u00badto. Nascente4455-482 Perafita, com o n\u00famero \u00fanico de matr\u00edcula e pessoa coletiva 517254093 (doravante \u201cDivas\u201d). [&hellip;]<\/p>\n","protected":false},"author":1,"featured_media":0,"parent":0,"menu_order":0,"comment_status":"closed","ping_status":"closed","template":"","meta":{"footnotes":""},"class_list":["post-291","page","type-page","status-publish","hentry"],"yoast_head":"<!-- This site is optimized with the Yoast SEO plugin v27.3 - https:\/\/yoast.com\/product\/yoast-seo-wordpress\/ -->\n<title>Termos e Condi\u00e7\u00f5es - FeelDouro<\/title>\n<meta name=\"robots\" content=\"index, follow, max-snippet:-1, max-image-preview:large, max-video-preview:-1\" \/>\n<link rel=\"canonical\" href=\"https:\/\/feeldouro.com\/termos-e-condicoes\/\" \/>\n<meta property=\"og:locale\" content=\"en_US\" \/>\n<meta property=\"og:type\" content=\"article\" \/>\n<meta property=\"og:title\" content=\"Termos e Condi\u00e7\u00f5es - FeelDouro\" \/>\n<meta property=\"og:description\" content=\"\u00daltima atualiza\u00e7\u00e3o: 15 de abril de 2024 Os presentes Termos e Condi\u00e7\u00f5es regulam o acesso e utiliza\u00e7\u00e3o do website https:\/\/www.invictus-cruises.com (\u201cWebsite\u201d). O Website \u00e9 propriedade da Divas Oce\u00e2nicas &#8211; Unipessoal Lda, com sede na R. Dom Marcos da Cruz 2029, 1\u00badto. Nascente4455-482 Perafita, com o n\u00famero \u00fanico de matr\u00edcula e pessoa coletiva 517254093 (doravante \u201cDivas\u201d). [&hellip;]\" \/>\n<meta property=\"og:url\" content=\"https:\/\/feeldouro.com\/termos-e-condicoes\/\" \/>\n<meta property=\"og:site_name\" content=\"FeelDouro\" \/>\n<meta property=\"article:modified_time\" content=\"2024-04-16T09:39:40+00:00\" \/>\n<meta name=\"twitter:card\" content=\"summary_large_image\" \/>\n<meta name=\"twitter:label1\" content=\"Est. reading time\" \/>\n\t<meta name=\"twitter:data1\" content=\"8 minutes\" \/>\n<script type=\"application\/ld+json\" class=\"yoast-schema-graph\">{\"@context\":\"https:\\\/\\\/schema.org\",\"@graph\":[{\"@type\":\"WebPage\",\"@id\":\"https:\\\/\\\/feeldouro.com\\\/termos-e-condicoes\\\/\",\"url\":\"https:\\\/\\\/feeldouro.com\\\/termos-e-condicoes\\\/\",\"name\":\"Termos e Condi\u00e7\u00f5es - FeelDouro\",\"isPartOf\":{\"@id\":\"https:\\\/\\\/feeldouro.com\\\/#website\"},\"datePublished\":\"2024-02-12T15:46:10+00:00\",\"dateModified\":\"2024-04-16T09:39:40+00:00\",\"breadcrumb\":{\"@id\":\"https:\\\/\\\/feeldouro.com\\\/termos-e-condicoes\\\/#breadcrumb\"},\"inLanguage\":\"en-US\",\"potentialAction\":[{\"@type\":\"ReadAction\",\"target\":[\"https:\\\/\\\/feeldouro.com\\\/termos-e-condicoes\\\/\"]}]},{\"@type\":\"BreadcrumbList\",\"@id\":\"https:\\\/\\\/feeldouro.com\\\/termos-e-condicoes\\\/#breadcrumb\",\"itemListElement\":[{\"@type\":\"ListItem\",\"position\":1,\"name\":\"In\u00edcio\",\"item\":\"https:\\\/\\\/feeldouro.com\\\/\"},{\"@type\":\"ListItem\",\"position\":2,\"name\":\"Termos e Condi\u00e7\u00f5es\"}]},{\"@type\":\"WebSite\",\"@id\":\"https:\\\/\\\/feeldouro.com\\\/#website\",\"url\":\"https:\\\/\\\/feeldouro.com\\\/\",\"name\":\"FeelDouro\",\"description\":\"\",\"publisher\":{\"@id\":\"https:\\\/\\\/feeldouro.com\\\/#organization\"},\"potentialAction\":[{\"@type\":\"SearchAction\",\"target\":{\"@type\":\"EntryPoint\",\"urlTemplate\":\"https:\\\/\\\/feeldouro.com\\\/?s={search_term_string}\"},\"query-input\":{\"@type\":\"PropertyValueSpecification\",\"valueRequired\":true,\"valueName\":\"search_term_string\"}}],\"inLanguage\":\"en-US\"},{\"@type\":\"Organization\",\"@id\":\"https:\\\/\\\/feeldouro.com\\\/#organization\",\"name\":\"FeelDouro\",\"url\":\"https:\\\/\\\/feeldouro.com\\\/\",\"logo\":{\"@type\":\"ImageObject\",\"inLanguage\":\"en-US\",\"@id\":\"https:\\\/\\\/feeldouro.com\\\/#\\\/schema\\\/logo\\\/image\\\/\",\"url\":\"https:\\\/\\\/feeldouro.com\\\/wp-content\\\/uploads\\\/2025\\\/06\\\/FD_NavyBBDouro-306w.webp\",\"contentUrl\":\"https:\\\/\\\/feeldouro.com\\\/wp-content\\\/uploads\\\/2025\\\/06\\\/FD_NavyBBDouro-306w.webp\",\"width\":310,\"height\":64,\"caption\":\"FeelDouro\"},\"image\":{\"@id\":\"https:\\\/\\\/feeldouro.com\\\/#\\\/schema\\\/logo\\\/image\\\/\"}}]}<\/script>\n<!-- \/ Yoast SEO plugin. -->","yoast_head_json":{"title":"Termos e Condi\u00e7\u00f5es - FeelDouro","robots":{"index":"index","follow":"follow","max-snippet":"max-snippet:-1","max-image-preview":"max-image-preview:large","max-video-preview":"max-video-preview:-1"},"canonical":"https:\/\/feeldouro.com\/termos-e-condicoes\/","og_locale":"en_US","og_type":"article","og_title":"Termos e Condi\u00e7\u00f5es - FeelDouro","og_description":"\u00daltima atualiza\u00e7\u00e3o: 15 de abril de 2024 Os presentes Termos e Condi\u00e7\u00f5es regulam o acesso e utiliza\u00e7\u00e3o do website https:\/\/www.invictus-cruises.com (\u201cWebsite\u201d). O Website \u00e9 propriedade da Divas Oce\u00e2nicas &#8211; Unipessoal Lda, com sede na R. Dom Marcos da Cruz 2029, 1\u00badto. Nascente4455-482 Perafita, com o n\u00famero \u00fanico de matr\u00edcula e pessoa coletiva 517254093 (doravante \u201cDivas\u201d). [&hellip;]","og_url":"https:\/\/feeldouro.com\/termos-e-condicoes\/","og_site_name":"FeelDouro","article_modified_time":"2024-04-16T09:39:40+00:00","twitter_card":"summary_large_image","twitter_misc":{"Est. reading time":"8 minutes"},"schema":{"@context":"https:\/\/schema.org","@graph":[{"@type":"WebPage","@id":"https:\/\/feeldouro.com\/termos-e-condicoes\/","url":"https:\/\/feeldouro.com\/termos-e-condicoes\/","name":"Termos e Condi\u00e7\u00f5es - FeelDouro","isPartOf":{"@id":"https:\/\/feeldouro.com\/#website"},"datePublished":"2024-02-12T15:46:10+00:00","dateModified":"2024-04-16T09:39:40+00:00","breadcrumb":{"@id":"https:\/\/feeldouro.com\/termos-e-condicoes\/#breadcrumb"},"inLanguage":"en-US","potentialAction":[{"@type":"ReadAction","target":["https:\/\/feeldouro.com\/termos-e-condicoes\/"]}]},{"@type":"BreadcrumbList","@id":"https:\/\/feeldouro.com\/termos-e-condicoes\/#breadcrumb","itemListElement":[{"@type":"ListItem","position":1,"name":"In\u00edcio","item":"https:\/\/feeldouro.com\/"},{"@type":"ListItem","position":2,"name":"Termos e Condi\u00e7\u00f5es"}]},{"@type":"WebSite","@id":"https:\/\/feeldouro.com\/#website","url":"https:\/\/feeldouro.com\/","name":"FeelDouro","description":"","publisher":{"@id":"https:\/\/feeldouro.com\/#organization"},"potentialAction":[{"@type":"SearchAction","target":{"@type":"EntryPoint","urlTemplate":"https:\/\/feeldouro.com\/?s={search_term_string}"},"query-input":{"@type":"PropertyValueSpecification","valueRequired":true,"valueName":"search_term_string"}}],"inLanguage":"en-US"},{"@type":"Organization","@id":"https:\/\/feeldouro.com\/#organization","name":"FeelDouro","url":"https:\/\/feeldouro.com\/","logo":{"@type":"ImageObject","inLanguage":"en-US","@id":"https:\/\/feeldouro.com\/#\/schema\/logo\/image\/","url":"https:\/\/feeldouro.com\/wp-content\/uploads\/2025\/06\/FD_NavyBBDouro-306w.webp","contentUrl":"https:\/\/feeldouro.com\/wp-content\/uploads\/2025\/06\/FD_NavyBBDouro-306w.webp","width":310,"height":64,"caption":"FeelDouro"},"image":{"@id":"https:\/\/feeldouro.com\/#\/schema\/logo\/image\/"}}]}},"_links":{"self":[{"href":"https:\/\/feeldouro.com\/en\/wp-json\/wp\/v2\/pages\/291","targetHints":{"allow":["GET"]}}],"collection":[{"href":"https:\/\/feeldouro.com\/en\/wp-json\/wp\/v2\/pages"}],"about":[{"href":"https:\/\/feeldouro.com\/en\/wp-json\/wp\/v2\/types\/page"}],"author":[{"embeddable":true,"href":"https:\/\/feeldouro.com\/en\/wp-json\/wp\/v2\/users\/1"}],"replies":[{"embeddable":true,"href":"https:\/\/feeldouro.com\/en\/wp-json\/wp\/v2\/comments?post=291"}],"version-history":[{"count":22,"href":"https:\/\/feeldouro.com\/en\/wp-json\/wp\/v2\/pages\/291\/revisions"}],"predecessor-version":[{"id":1278,"href":"https:\/\/feeldouro.com\/en\/wp-json\/wp\/v2\/pages\/291\/revisions\/1278"}],"wp:attachment":[{"href":"https:\/\/feeldouro.com\/en\/wp-json\/wp\/v2\/media?parent=291"}],"curies":[{"name":"wp","href":"https:\/\/api.w.org\/{rel}","templated":true}]}}